{"id":7,"date":"2025-12-16T14:52:33","date_gmt":"2025-12-16T13:52:33","guid":{"rendered":"https:\/\/corsowp09.gdcweb.it\/?page_id=7"},"modified":"2025-12-18T18:30:25","modified_gmt":"2025-12-18T17:30:25","slug":"corso-09","status":"publish","type":"page","link":"https:\/\/corsowp09.gdcweb.it\/index.php\/corso-09\/","title":{"rendered":"Tavole parlate"},"content":{"rendered":"\n\n\t\t\t\t\t\t\t\t\t\t\t\t\t<img loading=\"lazy\" decoding=\"async\" width=\"600\" height=\"299\" src=\"https:\/\/corsowp09.gdcweb.it\/wp-content\/uploads\/2025\/12\/parole.jpeg\" alt=\"\" srcset=\"https:\/\/corsowp09.gdcweb.it\/wp-content\/uploads\/2025\/12\/parole.jpeg 600w, https:\/\/corsowp09.gdcweb.it\/wp-content\/uploads\/2025\/12\/parole-300x150.jpeg 300w\" sizes=\"auto, (max-width: 600px) 100vw, 600px\" \/>\t\t\t\t\t\t\t\t\t\t\t\t\t<p><strong>Tavole parlate\u00a0<\/strong>\u00e8 la parte attiva del progetto Spazi. Si tratta di momenti in cui ogni partecipante ha l&#8217;occasione di poter prendere parola e mettere in tensione la propria opinione con quella delle altre soggettivit\u00e0 presenti.\u00a0<\/p>\n<p>Quando ci troviamo in presenza il luogo \u00e8 deciso tramite sondaggio sul canale Telegram, che puoi raggiungere cliccando sul ramoscello qui sotto. Ogni partecipante se ha voglia pu\u00f2 portare uno spuntino o qualcosa da bere per allargare il momento di socialit\u00e0. Infatti, tutti gli incontri terminano con un piccolo rinfresco. Speriamo di aver suscitato la tua curiosit\u00e0. \u00a0<\/p>\t\t\t\t\t\n\t\t\t<a href=\"https:\/\/web.telegram.org\/a\/\">\n\t\t\t<svg aria-hidden=\"true\" viewBox=\"0 0 384 512\" xmlns=\"http:\/\/www.w3.org\/2000\/svg\"><path d=\"M384 312.7c-55.1 136.7-187.1 54-187.1 54-40.5 81.8-107.4 134.4-184.6 134.7-16.1 0-16.6-24.4 0-24.4 64.4-.3 120.5-42.7 157.2-110.1-41.1 15.9-118.6 27.9-161.6-82.2 109-44.9 159.1 11.2 178.3 45.5 9.9-24.4 17-50.9 21.6-79.7 0 0-139.7 21.9-149.5-98.1 119.1-47.9 152.6 76.7 152.6 76.7 1.6-16.7 3.3-52.6 3.3-53.4 0 0-106.3-73.7-38.1-165.2 124.6 43 61.4 162.4 61.4 162.4.5 1.6.5 23.8 0 33.4 0 0 45.2-89 136.4-57.5-4.2 134-141.9 106.4-141.9 106.4-4.4 27.4-11.2 53.4-20 77.5 0 0 83-91.8 172-20z\"><\/path><\/svg>\t\t\t<\/a>","protected":false},"excerpt":{"rendered":"<p>Tavole parlate\u00a0\u00e8 la parte attiva del progetto Spazi. Si tratta di momenti in cui ogni partecipante ha l&#8217;occasione di poter prendere parola e mettere in tensione la propria opinione con quella delle altre soggettivit\u00e0 presenti.\u00a0 Quando ci troviamo in presenza il luogo \u00e8 deciso tramite sondaggio sul canale Telegram, che puoi raggiungere cliccando sul ramoscello [&hellip;]<\/p>\n","protected":false},"author":1,"featured_media":0,"parent":0,"menu_order":0,"comment_status":"closed","ping_status":"closed","template":"","meta":{"footnotes":""},"class_list":["post-7","page","type-page","status-publish","hentry"],"_links":{"self":[{"href":"https:\/\/corsowp09.gdcweb.it\/index.php\/wp-json\/wp\/v2\/pages\/7","targetHints":{"allow":["GET"]}}],"collection":[{"href":"https:\/\/corsowp09.gdcweb.it\/index.php\/wp-json\/wp\/v2\/pages"}],"about":[{"href":"https:\/\/corsowp09.gdcweb.it\/index.php\/wp-json\/wp\/v2\/types\/page"}],"author":[{"embeddable":true,"href":"https:\/\/corsowp09.gdcweb.it\/index.php\/wp-json\/wp\/v2\/users\/1"}],"replies":[{"embeddable":true,"href":"https:\/\/corsowp09.gdcweb.it\/index.php\/wp-json\/wp\/v2\/comments?post=7"}],"version-history":[{"count":17,"href":"https:\/\/corsowp09.gdcweb.it\/index.php\/wp-json\/wp\/v2\/pages\/7\/revisions"}],"predecessor-version":[{"id":115,"href":"https:\/\/corsowp09.gdcweb.it\/index.php\/wp-json\/wp\/v2\/pages\/7\/revisions\/115"}],"wp:attachment":[{"href":"https:\/\/corsowp09.gdcweb.it\/index.php\/wp-json\/wp\/v2\/media?parent=7"}],"curies":[{"name":"wp","href":"https:\/\/api.w.org\/{rel}","templated":true}]}}